{"id":4420,"date":"2017-03-14T19:22:34","date_gmt":"2017-03-14T18:22:34","guid":{"rendered":"http:\/\/afleurdecouette.be\/boeking\/"},"modified":"2025-04-08T13:04:19","modified_gmt":"2025-04-08T11:04:19","slug":"boeking","status":"publish","type":"page","link":"https:\/\/afleurdecouette.be\/nl\/boeking\/","title":{"rendered":"Boeking"},"content":{"rendered":"<div id=\"pl-4420\"  class=\"panel-layout\" ><div id=\"pg-4420-0\"  class=\"panel-grid panel-has-style\" ><div class=\"thim-booking-search-home-3 siteorigin-panels-stretch panel-row-style panel-row-style-for-4420-0\" data-stretch-type=\"full\" ><div id=\"pgc-4420-0-0\"  class=\"panel-grid-cell\" ><div id=\"panel-4420-0-0-0\" class=\"widget_text so-panel widget widget_custom_html panel-first-child\" data-index=\"0\" ><div class=\"textwidget custom-html-widget\"><!DOCTYPE html>\n<html lang=\"nl\">\n<head>\n    <meta charset=\"UTF-8\">\n    <title>Boeking - A Fleur de Couette<\/title>\n    <meta name=\"viewport\" content=\"width=device-width, initial-scale=1.0\">\n\n    <!-- Responsieve stylesheet van SiteOrigin -->\n    <style type=\"text\/css\" class=\"panels-style\" data-panels-style-for-post=\"2545\">\n        @import url(https:\/\/afleurdecouette.be\/wp-content\/plugins\/siteorigin-panels\/css\/front-flex.min.css);\n\n        #pgc-2545-0-0 { \n            width: 100%; \n            width: calc(100% - (0 * 30px)); \n        }\n\n        #pl-2545 .so-panel { \n            margin-bottom: 30px; \n        }\n\n        #pl-2545 .so-panel:last-of-type { \n            margin-bottom: 0px; \n        }\n\n        #pg-2545-0.panel-has-style > .panel-row-style,\n        #pg-2545-0.panel-no-style { \n            -webkit-align-items: flex-start; \n            align-items: flex-start; \n        }\n\n        @media (max-width: 780px) {\n            #pg-2545-0.panel-no-style,\n            #pg-2545-0.panel-has-style > .panel-row-style,\n            #pg-2545-0 {\n                -webkit-flex-direction: column;\n                -ms-flex-direction: column;\n                flex-direction: column;\n            }\n\n            #pg-2545-0 > .panel-grid-cell,\n            #pg-2545-0 > .panel-row-style > .panel-grid-cell {\n                width: 100%;\n                margin-right: 0;\n            }\n\n            #pl-2545 .panel-grid-cell {\n                padding: 0;\n            }\n\n            #pl-2545 .panel-grid .panel-grid-cell-empty {\n                display: none;\n            }\n\n            #pl-2545 .panel-grid .panel-grid-cell-mobile-last {\n                margin-bottom: 0px;\n            }\n        }\n    <\/style>\n\n    <!-- Iframe-styling -->\n    <style>\n        .iframe-container {\n            width: 100%;\n            overflow: hidden;\n        }\n\n        iframe#bookingengine {\n            display: block;\n            width: 100%;\n            height: 3879px;\n            border: none;\n        }\n    <\/style>\n<\/head>\n<body>\n\n    <!-- Sectie met SuperHote boekings-iframe -->\n    <div class=\"thim-booking-search-home-3 siteorigin-panels-stretch panel-row-style panel-row-style-for-2545-0\" data-stretch-type=\"full\">\n        <div id=\"pgc-2545-0-0\" class=\"panel-grid-cell\" data-weight=\"1\" style=\"background-color:#fff;\">\n            <div id=\"panel-2545-0-0-0\" class=\"so-panel widget widget_custom_html panel-first-child panel-last-child\">\n                <div class=\"iframe-container\">\n                    <iframe id=\"bookingengine\" src=\"https:\/\/app.superhote.com\/#\/get-available-rentals\/XOZZMCG0Rl404MkJ6We00iCjZ\" \n                        sandbox=\"allow-scripts allow-forms allow-same-origin allow-presentation allow-top-navigation\"\n                        allowfullscreen><\/iframe>\n                <\/div>\n\n                <!-- Script om de iframe-URL dynamisch aan te passen op basis van URL-parameters -->\n                <script>\n                    var webKey = \"XOZZMCG0Rl404MkJ6We00iCjZ\";\n                    var url = new URL(window.location.href);\n                    var appart = url.searchParams.get(\"appart\");\n                    var checkin = url.searchParams.get(\"checkin\");\n                    var checkout = url.searchParams.get(\"checkout\");\n                    var adults = url.searchParams.get(\"adults\");\n                    var children = url.searchParams.get(\"children\");\n                    var lang = url.searchParams.get(\"lang\");\n                    if (lang == null) lang = \"nl\";\n\n                    if (appart == null) {\n                        var iframeUrl = \"https:\/\/app.superhote.com\/#\/get-available-rentals\/\" + webKey +\n                            \"?startDate=\" + checkin +\n                            \"&endDate=\" + checkout +\n                            \"&adultsNumber=\" + adults +\n                            \"&childrenNumber=\" + children +\n                            \"&lang=\" + lang;\n\n                        if (checkin == null) {\n                            iframeUrl = \"https:\/\/app.superhote.com\/#\/get-available-rentals\/\" + webKey + \"?lang=\" + lang;\n                        }\n\n                        document.getElementById('bookingengine').src = iframeUrl;\n                    } else {\n                        var iframeUrl = \"https:\/\/app.superhote.com\/#\/rental\/\" + appart + \"?lang=\" + lang;\n                        document.getElementById('bookingengine').src = iframeUrl;\n                    }\n                <\/script>\n            <\/div>\n        <\/div>\n    <\/div>\n\n<\/body>\n<\/html>\n<\/div><\/div><div id=\"panel-4420-0-0-1\" class=\"widget_text so-panel widget widget_custom_html panel-last-child\" data-index=\"1\" ><div class=\"textwidget custom-html-widget\"><!-- Enlever le symbol devant le drapeau -->\n<script>\n    \/\/ Initialiser le Swiper\n    let span = document.querySelector('span[data-hover]');\n    span.firstChild.nodeValue = span.firstChild.nodeValue.replace('\">', '');\n<\/script>\n<style>\n\t.container {\n  width: 100vw;         \/* Largeur = 100% de la largeur de la fen\u00eatre *\/\n  max-width: 100vw;     \/* Emp\u00eache toute limite de largeur *\/\n  margin: 0 auto;       \/* Centre le contenu si n\u00e9cessaire *\/\n  padding: 0;           \/* Supprime les espacements internes (modifiable selon besoin) *\/\n  box-sizing: border-box;\n}\n\t.masthead {\n    background: rgba(221, 51, 51, 0); \/* Fond transparent *\/\n    max-width: 100vw;                \/* Ne d\u00e9passe pas la largeur de l'\u00e9cran *\/\n    margin: 0 auto;                  \/* Centre horizontalement *\/\n    overflow: hidden;               \/* \u00c9vite le d\u00e9bordement si des \u00e9l\u00e9ments d\u00e9passent *\/\n    box-sizing: border-box;         \/* Inclus padding\/border dans la largeur *\/\n    width: 100%;\n}\n.inner-navigation {\n    display: flex;\n    justify-content: center;        \/* Centre horizontalement *\/\n    align-items: center;            \/* Centre verticalement *\/\n    font-family: 'Cursive', sans-serif; \/* Police stylis\u00e9e *\/\n    font-weight: bold;\n    font-size: 18px;\n    width: 100%;                   \/* Prend toute la largeur de l'\u00e9cran *\/\n    height: 100px;                  \/* Hauteur du bloc, ajuste \u00e0 ton besoin *\/\n    box-sizing: border-box;\n    text-align: center;             \/* Centre le texte si applicable *\/\n    padding:0;\n}\n\n.inner-navigation * {\n    font-size: 18px;\n    font-weight: bold;\n    margin: 0 15px;                 \/* Espacement entre les \u00e9l\u00e9ments *\/\n    text-align: center;\n}\n<\/style><\/div><\/div><\/div><\/div><\/div><\/div>","protected":false},"excerpt":{"rendered":"<p>    Boeking &#8211; A Fleur de Couette<\/p>\n","protected":false},"author":1,"featured_media":0,"parent":0,"menu_order":0,"comment_status":"closed","ping_status":"closed","template":"","meta":{"footnotes":""},"class_list":["post-4420","page","type-page","status-publish","hentry"],"_links":{"self":[{"href":"https:\/\/afleurdecouette.be\/nl\/wp-json\/wp\/v2\/pages\/4420","targetHints":{"allow":["GET"]}}],"collection":[{"href":"https:\/\/afleurdecouette.be\/nl\/wp-json\/wp\/v2\/pages"}],"about":[{"href":"https:\/\/afleurdecouette.be\/nl\/wp-json\/wp\/v2\/types\/page"}],"author":[{"embeddable":true,"href":"https:\/\/afleurdecouette.be\/nl\/wp-json\/wp\/v2\/users\/1"}],"replies":[{"embeddable":true,"href":"https:\/\/afleurdecouette.be\/nl\/wp-json\/wp\/v2\/comments?post=4420"}],"version-history":[{"count":1,"href":"https:\/\/afleurdecouette.be\/nl\/wp-json\/wp\/v2\/pages\/4420\/revisions"}],"predecessor-version":[{"id":5305,"href":"https:\/\/afleurdecouette.be\/nl\/wp-json\/wp\/v2\/pages\/4420\/revisions\/5305"}],"wp:attachment":[{"href":"https:\/\/afleurdecouette.be\/nl\/wp-json\/wp\/v2\/media?parent=4420"}],"curies":[{"name":"wp","href":"https:\/\/api.w.org\/{rel}","templated":true}]}}