{"id":4417,"date":"2017-03-14T19:19:02","date_gmt":"2017-03-14T18:19:02","guid":{"rendered":"http:\/\/afleurdecouette.be\/photos\/"},"modified":"2025-04-08T12:25:35","modified_gmt":"2025-04-08T10:25:35","slug":"photos","status":"publish","type":"page","link":"https:\/\/afleurdecouette.be\/nl\/photos\/","title":{"rendered":"Fotos"},"content":{"rendered":"<div id=\"pl-4417\"  class=\"panel-layout\" ><div id=\"pg-4417-0\"  class=\"panel-grid panel-no-style\" ><div id=\"pgc-4417-0-0\"  class=\"panel-grid-cell\" ><div id=\"panel-4417-0-0-0\" class=\"so-panel widget widget_gallery_img_widget panel-first-child\" data-index=\"0\" ><section id=\"huge_it_gallery_content_1\" class=\"gallery-img-content\"\r\n\t\t data-gallery-id=\"1\"\r\n\t\t data-content-per-page=\"5\"\r\n         data-rating-type=\"off\">\r\n\t<div id=\"huge_it_gallery_container_1\"\r\n\t     data-show-center=\"off\"\r\n\t     class=\"huge_it_gallery_container super-list variable-sizes clearfix view-lightbox-gallery\">\r\n\t\t<div id=\"huge_it_gallery_container_moving_1\" class=\"super-list variable-sizes clearfix\">\r\n\t\t\t<input type=\"hidden\" class=\"pagenum\" value=\"1\"\/>\r\n\t\t\t\t\t\t<input type=\"hidden\" id=\"total\" value=\"4\"\/>\r\n\t\t\t\t\t\t\t<div class=\"element element_1\" tabindex=\"0\" data-symbol=\"\" data-category=\"alkaline-earth\">\r\n\t\t\t\t\t<div class=\"image-block_1\">\r\n\t\t\t\t\t\t\t\t\t\t\t\t\t\t\t\t\t\t\t\t\t\t\t\t\t\t\t\t\t\t<a href=\"http:\/\/afleurdecouette.be\/wp-content\/uploads\/2025\/03\/ch-2-3-scaled.jpg\"\r\n\t\t\t\t\t\t\t\t   title=\"\"><img\r\n\t\t\t\t\t\t\t\t\t\talt=\"\"\r\n\t\t\t\t\t\t\t\t\t\tid=\"wd-cl-img0\"\r\n\t\t\t\t\t\t\t\t\t\ttitle=\"\"\r\n\t\t\t\t\t\t\t\t\t\tsrc=\"http:\/\/afleurdecouette.be\/wp-content\/uploads\/2025\/03\/ch-2-3-scaled.jpg\"\/><\/a>\r\n\t\t\t\t\t\t\t\t\t\t\t\t\t\t\t\t\t\t\t\t<\/div>\r\n\t\t\t\t\t\t\t\t\t\t\t\t\t\t<\/div>\r\n\t\t\t\t\t\t\t\t<div class=\"element element_1\" tabindex=\"0\" data-symbol=\"\" data-category=\"alkaline-earth\">\r\n\t\t\t\t\t<div class=\"image-block_1\">\r\n\t\t\t\t\t\t\t\t\t\t\t\t\t\t\t\t\t\t\t\t\t\t\t\t\t\t\t\t\t\t<a href=\"http:\/\/afleurdecouette.be\/wp-content\/uploads\/2015\/08\/argele\u0300s-sur-mer2.jpg\"\r\n\t\t\t\t\t\t\t\t   title=\"\"><img\r\n\t\t\t\t\t\t\t\t\t\talt=\"\"\r\n\t\t\t\t\t\t\t\t\t\tid=\"wd-cl-img1\"\r\n\t\t\t\t\t\t\t\t\t\ttitle=\"\"\r\n\t\t\t\t\t\t\t\t\t\tsrc=\"https:\/\/afleurdecouette.be\/wp-content\/uploads\/2015\/08\/argele\u0300s-sur-mer2-1024x768.jpg\"\/><\/a>\r\n\t\t\t\t\t\t\t\t\t\t\t\t\t\t\t\t\t\t\t\t<\/div>\r\n\t\t\t\t\t\t\t\t\t\t\t\t\t\t<\/div>\r\n\t\t\t\t\t\t\t\t<div class=\"element element_1\" tabindex=\"0\" data-symbol=\"\" data-category=\"alkaline-earth\">\r\n\t\t\t\t\t<div class=\"image-block_1\">\r\n\t\t\t\t\t\t\t\t\t\t\t\t\t\t\t\t\t\t\t\t\t\t\t\t\t\t\t\t\t\t<a href=\"http:\/\/afleurdecouette.be\/wp-content\/uploads\/2015\/08\/DSCF6070.jpg\"\r\n\t\t\t\t\t\t\t\t   title=\"\"><img\r\n\t\t\t\t\t\t\t\t\t\talt=\"\"\r\n\t\t\t\t\t\t\t\t\t\tid=\"wd-cl-img2\"\r\n\t\t\t\t\t\t\t\t\t\ttitle=\"\"\r\n\t\t\t\t\t\t\t\t\t\tsrc=\"https:\/\/afleurdecouette.be\/wp-content\/uploads\/2015\/08\/DSCF6070-768x1024.jpg\"\/><\/a>\r\n\t\t\t\t\t\t\t\t\t\t\t\t\t\t\t\t\t\t\t\t<\/div>\r\n\t\t\t\t\t\t\t\t\t\t\t\t\t\t<\/div>\r\n\t\t\t\t\t\t\t\t<div class=\"element element_1\" tabindex=\"0\" data-symbol=\"\" data-category=\"alkaline-earth\">\r\n\t\t\t\t\t<div class=\"image-block_1\">\r\n\t\t\t\t\t\t\t\t\t\t\t\t\t\t\t\t\t\t\t\t\t\t\t\t\t\t\t\t\t\t<a href=\"http:\/\/afleurdecouette.be\/wp-content\/uploads\/2015\/09\/DSCF6057.jpg\"\r\n\t\t\t\t\t\t\t\t   title=\"\"><img\r\n\t\t\t\t\t\t\t\t\t\talt=\"\"\r\n\t\t\t\t\t\t\t\t\t\tid=\"wd-cl-img3\"\r\n\t\t\t\t\t\t\t\t\t\ttitle=\"\"\r\n\t\t\t\t\t\t\t\t\t\tsrc=\"https:\/\/afleurdecouette.be\/wp-content\/uploads\/2015\/09\/DSCF6057-768x1024.jpg\"\/><\/a>\r\n\t\t\t\t\t\t\t\t\t\t\t\t\t\t\t\t\t\t\t\t<\/div>\r\n\t\t\t\t\t\t\t\t\t\t\t\t\t\t<\/div>\r\n\t\t\t\t\t\t\t\t<div class=\"element element_1\" tabindex=\"0\" data-symbol=\"\" data-category=\"alkaline-earth\">\r\n\t\t\t\t\t<div class=\"image-block_1\">\r\n\t\t\t\t\t\t\t\t\t\t\t\t\t\t\t\t\t\t\t\t\t\t\t\t\t\t\t\t\t\t<a href=\"http:\/\/afleurdecouette.be\/wp-content\/uploads\/2015\/09\/Port-Vendres.jpg\"\r\n\t\t\t\t\t\t\t\t   title=\"\"><img\r\n\t\t\t\t\t\t\t\t\t\talt=\"\"\r\n\t\t\t\t\t\t\t\t\t\tid=\"wd-cl-img4\"\r\n\t\t\t\t\t\t\t\t\t\ttitle=\"\"\r\n\t\t\t\t\t\t\t\t\t\tsrc=\"https:\/\/afleurdecouette.be\/wp-content\/uploads\/2015\/09\/Port-Vendres.jpg\"\/><\/a>\r\n\t\t\t\t\t\t\t\t\t\t\t\t\t\t\t\t\t\t\t\t<\/div>\r\n\t\t\t\t\t\t\t\t\t\t\t\t\t\t<\/div>\r\n\t\t\t\t\t\t\t\t<div class=\"element element_1\" tabindex=\"0\" data-symbol=\"\" data-category=\"alkaline-earth\">\r\n\t\t\t\t\t<div class=\"image-block_1\">\r\n\t\t\t\t\t\t\t\t\t\t\t\t\t\t\t\t\t\t\t\t\t\t\t\t\t\t\t\t\t\t<a href=\"http:\/\/afleurdecouette.be\/wp-content\/uploads\/2015\/09\/Port-Vendres2.jpg\"\r\n\t\t\t\t\t\t\t\t   title=\"\"><img\r\n\t\t\t\t\t\t\t\t\t\talt=\"\"\r\n\t\t\t\t\t\t\t\t\t\tid=\"wd-cl-img5\"\r\n\t\t\t\t\t\t\t\t\t\ttitle=\"\"\r\n\t\t\t\t\t\t\t\t\t\tsrc=\"https:\/\/afleurdecouette.be\/wp-content\/uploads\/2015\/09\/Port-Vendres2-1024x768.jpg\"\/><\/a>\r\n\t\t\t\t\t\t\t\t\t\t\t\t\t\t\t\t\t\t\t\t<\/div>\r\n\t\t\t\t\t\t\t\t\t\t\t\t\t\t<\/div>\r\n\t\t\t\t\t\t\t\t<div class=\"element element_1\" tabindex=\"0\" data-symbol=\"\" data-category=\"alkaline-earth\">\r\n\t\t\t\t\t<div class=\"image-block_1\">\r\n\t\t\t\t\t\t\t\t\t\t\t\t\t\t\t\t\t\t\t\t\t\t\t\t\t\t\t\t\t\t<a href=\"http:\/\/afleurdecouette.be\/wp-content\/uploads\/2015\/09\/Port-Vendres3.jpg\"\r\n\t\t\t\t\t\t\t\t   title=\"\"><img\r\n\t\t\t\t\t\t\t\t\t\talt=\"\"\r\n\t\t\t\t\t\t\t\t\t\tid=\"wd-cl-img6\"\r\n\t\t\t\t\t\t\t\t\t\ttitle=\"\"\r\n\t\t\t\t\t\t\t\t\t\tsrc=\"https:\/\/afleurdecouette.be\/wp-content\/uploads\/2015\/09\/Port-Vendres3-1024x768.jpg\"\/><\/a>\r\n\t\t\t\t\t\t\t\t\t\t\t\t\t\t\t\t\t\t\t\t<\/div>\r\n\t\t\t\t\t\t\t\t\t\t\t\t\t\t<\/div>\r\n\t\t\t\t\t\t\t\t<div class=\"element element_1\" tabindex=\"0\" data-symbol=\"\" data-category=\"alkaline-earth\">\r\n\t\t\t\t\t<div class=\"image-block_1\">\r\n\t\t\t\t\t\t\t\t\t\t\t\t\t\t\t\t\t\t\t\t\t\t\t\t\t\t\t\t\t\t<a href=\"http:\/\/afleurdecouette.be\/wp-content\/uploads\/2015\/09\/Port-Vendres4.jpg\"\r\n\t\t\t\t\t\t\t\t   title=\"\"><img\r\n\t\t\t\t\t\t\t\t\t\talt=\"\"\r\n\t\t\t\t\t\t\t\t\t\tid=\"wd-cl-img7\"\r\n\t\t\t\t\t\t\t\t\t\ttitle=\"\"\r\n\t\t\t\t\t\t\t\t\t\tsrc=\"https:\/\/afleurdecouette.be\/wp-content\/uploads\/2015\/09\/Port-Vendres4-1024x768.jpg\"\/><\/a>\r\n\t\t\t\t\t\t\t\t\t\t\t\t\t\t\t\t\t\t\t\t<\/div>\r\n\t\t\t\t\t\t\t\t\t\t\t\t\t\t<\/div>\r\n\t\t\t\t\t\t\t\t<div class=\"element element_1\" tabindex=\"0\" data-symbol=\"\" data-category=\"alkaline-earth\">\r\n\t\t\t\t\t<div class=\"image-block_1\">\r\n\t\t\t\t\t\t\t\t\t\t\t\t\t\t\t\t\t\t\t\t\t\t\t\t\t\t\t\t\t\t<a href=\"http:\/\/afleurdecouette.be\/wp-content\/uploads\/2015\/09\/DSCF6057-1.jpg\"\r\n\t\t\t\t\t\t\t\t   title=\"\"><img\r\n\t\t\t\t\t\t\t\t\t\talt=\"\"\r\n\t\t\t\t\t\t\t\t\t\tid=\"wd-cl-img8\"\r\n\t\t\t\t\t\t\t\t\t\ttitle=\"\"\r\n\t\t\t\t\t\t\t\t\t\tsrc=\"https:\/\/afleurdecouette.be\/wp-content\/uploads\/2015\/09\/DSCF6057-1-768x1024.jpg\"\/><\/a>\r\n\t\t\t\t\t\t\t\t\t\t\t\t\t\t\t\t\t\t\t\t<\/div>\r\n\t\t\t\t\t\t\t\t\t\t\t\t\t\t<\/div>\r\n\t\t\t\t\t\t\t\t<div class=\"element element_1\" tabindex=\"0\" data-symbol=\"\" data-category=\"alkaline-earth\">\r\n\t\t\t\t\t<div class=\"image-block_1\">\r\n\t\t\t\t\t\t\t\t\t\t\t\t\t\t\t\t\t\t\t\t\t\t\t\t\t\t\t\t\t\t<a href=\"http:\/\/afleurdecouette.be\/wp-content\/uploads\/2025\/03\/ch-1-1-scaled.jpg\"\r\n\t\t\t\t\t\t\t\t   title=\"\"><img\r\n\t\t\t\t\t\t\t\t\t\talt=\"\"\r\n\t\t\t\t\t\t\t\t\t\tid=\"wd-cl-img9\"\r\n\t\t\t\t\t\t\t\t\t\ttitle=\"\"\r\n\t\t\t\t\t\t\t\t\t\tsrc=\"http:\/\/afleurdecouette.be\/wp-content\/uploads\/2025\/03\/ch-1-1-scaled.jpg\"\/><\/a>\r\n\t\t\t\t\t\t\t\t\t\t\t\t\t\t\t\t\t\t\t\t<\/div>\r\n\t\t\t\t\t\t\t\t\t\t\t\t\t\t<\/div>\r\n\t\t\t\t\t\t\t\t<div class=\"element element_1\" tabindex=\"0\" data-symbol=\"\" data-category=\"alkaline-earth\">\r\n\t\t\t\t\t<div class=\"image-block_1\">\r\n\t\t\t\t\t\t\t\t\t\t\t\t\t\t\t\t\t\t\t\t\t\t\t\t\t\t\t\t\t\t<a href=\"http:\/\/afleurdecouette.be\/wp-content\/uploads\/2025\/03\/ch-1-3-scaled.jpg\"\r\n\t\t\t\t\t\t\t\t   title=\"\"><img\r\n\t\t\t\t\t\t\t\t\t\talt=\"\"\r\n\t\t\t\t\t\t\t\t\t\tid=\"wd-cl-img10\"\r\n\t\t\t\t\t\t\t\t\t\ttitle=\"\"\r\n\t\t\t\t\t\t\t\t\t\tsrc=\"http:\/\/afleurdecouette.be\/wp-content\/uploads\/2025\/03\/ch-1-3-scaled.jpg\"\/><\/a>\r\n\t\t\t\t\t\t\t\t\t\t\t\t\t\t\t\t\t\t\t\t<\/div>\r\n\t\t\t\t\t\t\t\t\t\t\t\t\t\t<\/div>\r\n\t\t\t\t\t\t\t\t<div class=\"element element_1\" tabindex=\"0\" data-symbol=\"\" data-category=\"alkaline-earth\">\r\n\t\t\t\t\t<div class=\"image-block_1\">\r\n\t\t\t\t\t\t\t\t\t\t\t\t\t\t\t\t\t\t\t\t\t\t\t\t\t\t\t\t\t\t<a href=\"http:\/\/afleurdecouette.be\/wp-content\/uploads\/2025\/03\/ch-3-1-scaled.jpg\"\r\n\t\t\t\t\t\t\t\t   title=\"\"><img\r\n\t\t\t\t\t\t\t\t\t\talt=\"\"\r\n\t\t\t\t\t\t\t\t\t\tid=\"wd-cl-img11\"\r\n\t\t\t\t\t\t\t\t\t\ttitle=\"\"\r\n\t\t\t\t\t\t\t\t\t\tsrc=\"http:\/\/afleurdecouette.be\/wp-content\/uploads\/2025\/03\/ch-3-1-scaled.jpg\"\/><\/a>\r\n\t\t\t\t\t\t\t\t\t\t\t\t\t\t\t\t\t\t\t\t<\/div>\r\n\t\t\t\t\t\t\t\t\t\t\t\t\t\t<\/div>\r\n\t\t\t\t\t\t\t\t<div class=\"element element_1\" tabindex=\"0\" data-symbol=\"\" data-category=\"alkaline-earth\">\r\n\t\t\t\t\t<div class=\"image-block_1\">\r\n\t\t\t\t\t\t\t\t\t\t\t\t\t\t\t\t\t\t\t\t\t\t\t\t\t\t\t\t\t\t<a href=\"http:\/\/afleurdecouette.be\/wp-content\/uploads\/2025\/03\/ch-3-2-scaled.jpg\"\r\n\t\t\t\t\t\t\t\t   title=\"\"><img\r\n\t\t\t\t\t\t\t\t\t\talt=\"\"\r\n\t\t\t\t\t\t\t\t\t\tid=\"wd-cl-img12\"\r\n\t\t\t\t\t\t\t\t\t\ttitle=\"\"\r\n\t\t\t\t\t\t\t\t\t\tsrc=\"http:\/\/afleurdecouette.be\/wp-content\/uploads\/2025\/03\/ch-3-2-scaled.jpg\"\/><\/a>\r\n\t\t\t\t\t\t\t\t\t\t\t\t\t\t\t\t\t\t\t\t<\/div>\r\n\t\t\t\t\t\t\t\t\t\t\t\t\t\t<\/div>\r\n\t\t\t\t\t\t\t\t<div class=\"element element_1\" tabindex=\"0\" data-symbol=\"\" data-category=\"alkaline-earth\">\r\n\t\t\t\t\t<div class=\"image-block_1\">\r\n\t\t\t\t\t\t\t\t\t\t\t\t\t\t\t\t\t\t\t\t\t\t\t\t\t\t\t\t\t\t<a href=\"http:\/\/afleurdecouette.be\/wp-content\/uploads\/2017\/03\/ch-3-6-1-scaled.jpg\"\r\n\t\t\t\t\t\t\t\t   title=\"\"><img\r\n\t\t\t\t\t\t\t\t\t\talt=\"\"\r\n\t\t\t\t\t\t\t\t\t\tid=\"wd-cl-img13\"\r\n\t\t\t\t\t\t\t\t\t\ttitle=\"\"\r\n\t\t\t\t\t\t\t\t\t\tsrc=\"http:\/\/afleurdecouette.be\/wp-content\/uploads\/2017\/03\/ch-3-6-1-scaled.jpg\"\/><\/a>\r\n\t\t\t\t\t\t\t\t\t\t\t\t\t\t\t\t\t\t\t\t<\/div>\r\n\t\t\t\t\t\t\t\t\t\t\t\t\t\t<\/div>\r\n\t\t\t\t\t\t\t\t<div class=\"element element_1\" tabindex=\"0\" data-symbol=\"\" data-category=\"alkaline-earth\">\r\n\t\t\t\t\t<div class=\"image-block_1\">\r\n\t\t\t\t\t\t\t\t\t\t\t\t\t\t\t\t\t\t\t\t\t\t\t\t\t\t\t\t\t\t<a href=\"http:\/\/afleurdecouette.be\/wp-content\/uploads\/2025\/03\/ch-1-2-scaled.jpg\"\r\n\t\t\t\t\t\t\t\t   title=\"\"><img\r\n\t\t\t\t\t\t\t\t\t\talt=\"\"\r\n\t\t\t\t\t\t\t\t\t\tid=\"wd-cl-img14\"\r\n\t\t\t\t\t\t\t\t\t\ttitle=\"\"\r\n\t\t\t\t\t\t\t\t\t\tsrc=\"http:\/\/afleurdecouette.be\/wp-content\/uploads\/2025\/03\/ch-1-2-scaled.jpg\"\/><\/a>\r\n\t\t\t\t\t\t\t\t\t\t\t\t\t\t\t\t\t\t\t\t<\/div>\r\n\t\t\t\t\t\t\t\t\t\t\t\t\t\t<\/div>\r\n\t\t\t\t\t\t\t\t<div class=\"element element_1\" tabindex=\"0\" data-symbol=\"\" data-category=\"alkaline-earth\">\r\n\t\t\t\t\t<div class=\"image-block_1\">\r\n\t\t\t\t\t\t\t\t\t\t\t\t\t\t\t\t\t\t\t\t\t\t\t\t\t\t\t\t\t\t<a href=\"http:\/\/afleurdecouette.be\/wp-content\/uploads\/2015\/08\/Argele\u0300s-sur-mer.jpg\"\r\n\t\t\t\t\t\t\t\t   title=\"\"><img\r\n\t\t\t\t\t\t\t\t\t\talt=\"\"\r\n\t\t\t\t\t\t\t\t\t\tid=\"wd-cl-img15\"\r\n\t\t\t\t\t\t\t\t\t\ttitle=\"\"\r\n\t\t\t\t\t\t\t\t\t\tsrc=\"https:\/\/afleurdecouette.be\/wp-content\/uploads\/2015\/08\/Argele\u0300s-sur-mer-1024x768.jpg\"\/><\/a>\r\n\t\t\t\t\t\t\t\t\t\t\t\t\t\t\t\t\t\t\t\t<\/div>\r\n\t\t\t\t\t\t\t\t\t\t\t\t\t\t<\/div>\r\n\t\t\t\t\t\t<\/div>\r\n\t\t<div style=\"clear:both;\"><\/div>\r\n\t<\/div>\r\n\t\r\n\r\n<\/section><style>\r\n.gallery-img-content a{\r\n    border-bottom: none;\r\n}\r\n.element_1 {\r\n    max-width:275px;\r\n    margin:0 2px 10px 0;\r\n    border:0px solid #eeeeee;\r\n    border-radius:3px;\r\n    outline:none;\r\n    overflow:hidden;\r\n}\r\n.element_1 .image-block_1 {\r\n    position:relative;\r\n    width: 100%;\r\n\twidth:275px;\r\n    max-width:275px;\r\n}\r\n.element_1 .image-block_1 a {display:block;}\r\n.element_1 .image-block_1 img {\r\n    width: 100%;\r\n    max-width:275px !important;\r\n    height:auto;\r\n    display:block;\r\n    border-radius: 0 !important;\r\n    box-shadow: 0 0 0 rgba(0, 0, 0, 0) !important;\r\n}\r\n.element_1 .image-block_1 img:hover {\r\n    cursor: -webkit-zoom-in; cursor: -moz-zoom-in;\r\n}\r\n.element_1 .image-block_1 .play-icon {\r\n    position:absolute;\r\n    top:0;\r\n    left:0;\r\n    width:100%;\r\n    height:100%;\r\n}\r\n\r\n.element_1:hover .title-block_1 {bottom:0;}\r\n.element_1 .title-block_1 a, .element_1 .title-block_1 a:link, .element_1 .title-block_1 a:visited, .element_1 .title-block_1 {\r\n    position:relative;\r\n    margin:0;\r\n    padding:0 1% 0 2%;\r\n    width:97%;\r\n    text-decoration:none !important;\r\n    text-overflow: ellipsis;\r\n    overflow: hidden;\r\n    white-space:nowrap;\r\n    z-index:20;\r\n    font-size: 16px;\r\n    color:#0074A2;\r\n    font-weight:normal;\r\n}\r\n.element_1 .image-block_1  .play-icon.youtube-icon {background:url(https:\/\/afleurdecouette.be\/wp-content\/plugins\/gallery-images\/assets\/images..\/admin_images\/play.youtube.png) center center no-repeat;}\r\n.element_1 .image-block_1  .play-icon.vimeo-icon {background:url(https:\/\/afleurdecouette.be\/wp-content\/plugins\/gallery-images\/assets\/images..\/admin_images\/play.vimeo.png) center center no-repeat;}\r\n.element_1 .title-block_1 {\r\n    position:absolute;\r\n    left:0;\r\n    width:100%;\r\n    padding-top:5px;\r\n    height: 36px;\r\n    bottom:-41px;\r\n    background: rgba(0,0,0,0.8)  !important;\r\n    -webkit-transition: bottom 0.3s ease-out 0.1s;\r\n    -moz-transition: bottom 0.3s ease-out 0.1s;\r\n    -o-transition: bottom 0.3s ease-out 0.1s;\r\n    transition: bottom 0.3s ease-out 0.1s;\r\n}\r\n.element_1 .title-block_1 a:hover, .element_1 .title-block_1 a:focus, .element_1 .title-block_1 a:active {\r\n    color:#2EA2CD;\r\n    text-decoration:none;\r\n}\r\n.load_more4 {\r\n    margin: 10px 0;\r\n    position:relative;\r\n    text-align:center;\r\n    width:100%;\r\n}\r\n.load_more_button4 {\r\n    border-radius: 10px;\r\n    display:inline-block;\r\n    padding:5px 15px;\r\n    font-size:16px !important;;\r\n    color:#FF0D0D !important;;\r\n    background:#5CADFF !important;\r\n    cursor:pointer;\r\n}\r\n.load_more_button4:hover{\r\n    color:#FF4040 !important;\r\n    background:#99C5FF !important;\r\n}\r\n.loading4 {\r\n    display:none;\r\n}\r\n.paginate4{\r\n    font-size:19px !important;\r\n    color:#FF2C2C !important;\r\n    text-align: center;\r\n    margin-top: 25px;\r\n}\r\n.paginate4 a{\r\n    border-bottom: none !important;\r\n}\r\n.icon-style4{\r\n    font-size: 21px !important;\r\n    color:#B82020 !important;\r\n}\r\n.clear{\r\n    clear:both;\r\n}\r\n@media screen and (max-width: 480px){\r\n    .element_1{\r\n        max-width:100% !important;\r\n    }\r\n}\r\n<\/style><\/div><div id=\"panel-4417-0-0-1\" class=\"widget_text so-panel widget widget_custom_html panel-last-child\" data-index=\"1\" ><div class=\"textwidget custom-html-widget\"><script>\n    \/\/ Initialiser le Swiper\n    let span = document.querySelector('span[data-hover]');\n    span.firstChild.nodeValue = span.firstChild.nodeValue.replace('\">', '');\n<\/script>\n<style>\n\t.container {\n  width: 100vw;         \/* Largeur = 100% de la largeur de la fen\u00eatre *\/\n  max-width: 100vw;     \/* Emp\u00eache toute limite de largeur *\/\n  margin: 0 auto;       \/* Centre le contenu si n\u00e9cessaire *\/\n  padding: 0;           \/* Supprime les espacements internes (modifiable selon besoin) *\/\n  box-sizing: border-box;\n}\n\t.masthead {\n    background: rgba(221, 51, 51, 0); \/* Fond transparent *\/\n    max-width: 100vw;                \/* Ne d\u00e9passe pas la largeur de l'\u00e9cran *\/\n    margin: 0 auto;                  \/* Centre horizontalement *\/\n    overflow: hidden;               \/* \u00c9vite le d\u00e9bordement si des \u00e9l\u00e9ments d\u00e9passent *\/\n    box-sizing: border-box;         \/* Inclus padding\/border dans la largeur *\/\n    width: 100%;\n}\n.inner-navigation {\n    display: flex;\n    justify-content: center;        \/* Centre horizontalement *\/\n    align-items: center;            \/* Centre verticalement *\/\n    font-family: 'Cursive', sans-serif; \/* Police stylis\u00e9e *\/\n    font-weight: bold;\n    font-size: 18px;\n    width: 100%;                   \/* Prend toute la largeur de l'\u00e9cran *\/\n    height: 100px;                  \/* Hauteur du bloc, ajuste \u00e0 ton besoin *\/\n    box-sizing: border-box;\n    text-align: center;             \/* Centre le texte si applicable *\/\n    padding:0;\n}\n\n.inner-navigation * {\n    font-size: 18px;\n    font-weight: bold;\n    margin: 0 15px;                 \/* Espacement entre les \u00e9l\u00e9ments *\/\n    text-align: center;\n}\n<\/style><\/div><\/div><\/div><\/div><\/div>","protected":false},"excerpt":{"rendered":"<p>\n\t\t\t\t\t\t\t\t\t\t\t\t\t\t<br \n<\/p>\n","protected":false},"author":1,"featured_media":4498,"parent":0,"menu_order":0,"comment_status":"closed","ping_status":"closed","template":"","meta":{"footnotes":""},"class_list":["post-4417","page","type-page","status-publish","has-post-thumbnail","hentry"],"_links":{"self":[{"href":"https:\/\/afleurdecouette.be\/nl\/wp-json\/wp\/v2\/pages\/4417","targetHints":{"allow":["GET"]}}],"collection":[{"href":"https:\/\/afleurdecouette.be\/nl\/wp-json\/wp\/v2\/pages"}],"about":[{"href":"https:\/\/afleurdecouette.be\/nl\/wp-json\/wp\/v2\/types\/page"}],"author":[{"embeddable":true,"href":"https:\/\/afleurdecouette.be\/nl\/wp-json\/wp\/v2\/users\/1"}],"replies":[{"embeddable":true,"href":"https:\/\/afleurdecouette.be\/nl\/wp-json\/wp\/v2\/comments?post=4417"}],"version-history":[{"count":4,"href":"https:\/\/afleurdecouette.be\/nl\/wp-json\/wp\/v2\/pages\/4417\/revisions"}],"predecessor-version":[{"id":5286,"href":"https:\/\/afleurdecouette.be\/nl\/wp-json\/wp\/v2\/pages\/4417\/revisions\/5286"}],"wp:featuredmedia":[{"embeddable":true,"href":"https:\/\/afleurdecouette.be\/nl\/wp-json\/wp\/v2\/media\/4498"}],"wp:attachment":[{"href":"https:\/\/afleurdecouette.be\/nl\/wp-json\/wp\/v2\/media?parent=4417"}],"curies":[{"name":"wp","href":"https:\/\/api.w.org\/{rel}","templated":true}]}}