{"id":4192,"date":"2015-07-06T08:33:48","date_gmt":"2015-07-06T06:33:48","guid":{"rendered":"http:\/\/afleurdecouette.be\/contact-us\/"},"modified":"2025-04-08T12:23:29","modified_gmt":"2025-04-08T10:23:29","slug":"contact-us","status":"publish","type":"page","link":"https:\/\/afleurdecouette.be\/en\/contact-us\/","title":{"rendered":"Contact"},"content":{"rendered":"<div id=\"pl-4192\"  class=\"panel-layout\" ><div id=\"pg-4192-0\"  class=\"panel-grid panel-no-style\" ><div id=\"pgc-4192-0-0\"  class=\"panel-grid-cell\" ><div id=\"panel-4192-0-0-0\" class=\"so-panel widget widget_icon-box panel-first-child\" data-index=\"0\" ><div class=\"panel-widget-style panel-widget-style-for-4192-0-0-0\" ><div class=\"thim-widget-icon-box thim-widget-icon-box-base\"><div class=\"inner-box \"><div style=\"background-image:url()\" class=\"wrapper-box-icon text-center   wrapper-line-heading\" ><div class=\"smicon-box iconbox-top\"><div class=\"content-inner\" ><div class=\"sc-heading article_heading\"><h2 class = \"heading__primary\" style=\"color: #272727;\">Contact us<\/h2><span class=\"line-heading\"><span><\/span><\/span><\/div><div class=\"desc-icon-box\"><div >You have a particular request? You didn't found the answers you needed?We will help you with pleasure by phone or by e-mail.<\/div><\/div><\/div><\/div><!--end smicon-box--><\/div><\/div><\/div><\/div><\/div><div id=\"panel-4192-0-0-1\" class=\"so-panel widget widget_icon-box\" data-index=\"1\" ><div class=\"thim-widget-icon-box thim-widget-icon-box-base\"><div class=\"inner-box \"><div style=\"background-image:url()\" class=\"wrapper-box-icon text-center  \" ><div class=\"smicon-box iconbox-top\"><div class=\"boxes-icon\" style=\"width: 50px;height: 50px;\"><span class=\"inner-icon\"><span class=\"icon\"><i class=\"fa fa-map-marker\" style=\"color:#2c2331; font-size:20px; line-height:20px; vertical-align: middle;\"><\/i><\/span><\/span><\/div><div class=\"content-inner\" ><div class=\"desc-icon-box\"><div >1 rue de Falisolle, <br \/>5060 Auvelais.<br \/><br \/><b>Attention<\/b>, if you use a navigator, please<br \/> enter this address for easier access:<br \/><b>rue Michel Melchior, <br \/>5060 Auvelais.<\/b><\/div><\/div><\/div><\/div><!--end smicon-box--><\/div><\/div><\/div><\/div><div id=\"panel-4192-0-0-2\" class=\"so-panel widget widget_icon-box panel-last-child\" data-index=\"2\" ><div class=\"thim-widget-icon-box thim-widget-icon-box-base\"><div class=\"inner-box \"><div style=\"background-image:url()\" class=\"wrapper-box-icon text-center  \" ><div class=\"smicon-box iconbox-top\"><div class=\"boxes-icon\" style=\"width: 50px;height: 50px;\"><span class=\"inner-icon\"><span class=\"icon\"><i class=\"fa fa-clock-o\" style=\"color:#2c2331; font-size:20px; line-height:20px; vertical-align: middle;\"><\/i><\/span><\/span><\/div><div class=\"content-inner\" ><div class=\"desc-icon-box\"><div >Tel. <b>+32 (0) 71 74.47.74<\/b><br \/>E-mail. <b>info@afleurdecouette.be<\/b><\/div><\/div><\/div><\/div><!--end smicon-box--><\/div><\/div><\/div><\/div><\/div><div id=\"pgc-4192-0-1\"  class=\"panel-grid-cell\" ><div id=\"panel-4192-0-1-0\" class=\"so-panel widget widget_icon-box panel-first-child\" data-index=\"3\" ><div class=\"thim-widget-icon-box thim-widget-icon-box-base\"><div class=\"inner-box \"><div style=\"background-image:url()\" class=\"wrapper-box-icon text-center   wrapper-line-heading\" ><div class=\"smicon-box iconbox-top\"><div class=\"content-inner\" ><div class=\"sc-heading article_heading\"><h2 class = \"heading__primary\" style=\"color: #272727;\">Send a message<\/h2><span class=\"line-heading\"><span><\/span><\/span><\/div><\/div><\/div><!--end smicon-box--><\/div><\/div><\/div><\/div><div id=\"panel-4192-0-1-1\" class=\"so-panel widget widget_text panel-last-child\" data-index=\"4\" ><div class=\"panel-widget-style panel-widget-style-for-4192-0-1-1\" >\t\t\t<div class=\"textwidget\">\n<div class=\"wpcf7 no-js\" id=\"wpcf7-f1915-o1\" lang=\"en-US\" dir=\"ltr\" data-wpcf7-id=\"1915\">\n<div class=\"screen-reader-response\"><p role=\"status\" aria-live=\"polite\" aria-atomic=\"true\"><\/p> <ul><\/ul><\/div>\n<form action=\"\/en\/wp-json\/wp\/v2\/pages\/4192#wpcf7-f1915-o1\" method=\"post\" class=\"wpcf7-form init\" aria-label=\"Contact form\" novalidate=\"novalidate\" data-status=\"init\">\n<div style=\"display: none;\">\n<input type=\"hidden\" name=\"_wpcf7\" value=\"1915\" \/>\n<input type=\"hidden\" name=\"_wpcf7_version\" value=\"6.0.5\" \/>\n<input type=\"hidden\" name=\"_wpcf7_locale\" value=\"en_US\" \/>\n<input type=\"hidden\" name=\"_wpcf7_unit_tag\" value=\"wpcf7-f1915-o1\" \/>\n<input type=\"hidden\" name=\"_wpcf7_container_post\" value=\"0\" \/>\n<input type=\"hidden\" name=\"_wpcf7_posted_data_hash\" value=\"\" \/>\n<\/div>\n<div class=\"row\">\n\t<div class=\"col-sm-6\">\n\t\t<p><span class=\"wpcf7-form-control-wrap\" data-name=\"your-name\"><input size=\"40\" maxlength=\"400\" class=\"wpcf7-form-control wpcf7-text wpcf7-validates-as-required\" aria-required=\"true\" aria-invalid=\"false\" placeholder=\"Nom complet *\" value=\"\" type=\"text\" name=\"your-name\" \/><\/span>\n\t\t<\/p>\n\t<\/div>\n\t<div class=\"col-sm-6\">\n\t\t<p><span class=\"wpcf7-form-control-wrap\" data-name=\"your-email\"><input size=\"40\" maxlength=\"400\" class=\"wpcf7-form-control wpcf7-email wpcf7-validates-as-required wpcf7-text wpcf7-validates-as-email\" aria-required=\"true\" aria-invalid=\"false\" placeholder=\"E-mail *\" value=\"\" type=\"email\" name=\"your-email\" \/><\/span>\n\t\t<\/p>\n\t<\/div>\n<\/div>\n<div class=\"row\">\n\t<div class=\"col-sm-12\">\n\t\t<p><span class=\"wpcf7-form-control-wrap\" data-name=\"your-subject\"><input size=\"40\" maxlength=\"400\" class=\"wpcf7-form-control wpcf7-text wpcf7-validates-as-required\" aria-required=\"true\" aria-invalid=\"false\" placeholder=\"Sujet *\" value=\"\" type=\"text\" name=\"your-subject\" \/><\/span>\n\t\t<\/p>\n\t<\/div>\n<\/div>\n<div class=\"row\">\n\t<div class=\"col-sm-12\">\n\t\t<p><span class=\"wpcf7-form-control-wrap\" data-name=\"your-message\"><textarea cols=\"40\" rows=\"10\" maxlength=\"2000\" class=\"wpcf7-form-control wpcf7-textarea wpcf7-validates-as-required\" aria-required=\"true\" aria-invalid=\"false\" placeholder=\"Votre message *\" name=\"your-message\"><\/textarea><\/span>\n\t\t<\/p>\n\t<\/div>\n<\/div>\n<p><input class=\"wpcf7-form-control wpcf7-submit has-spinner\" type=\"submit\" value=\"Envoyer\" \/>\n<\/p><div class=\"wpcf7-response-output\" aria-hidden=\"true\"><\/div>\n<\/form>\n<\/div>\n<\/div>\n\t\t<\/div><\/div><\/div><\/div><div id=\"pg-4192-1\"  class=\"panel-grid panel-has-style\" ><div class=\"siteorigin-panels-stretch panel-row-style panel-row-style-for-4192-1\" data-stretch-type=\"full-width-stretch\" ><div id=\"pgc-4192-1-0\"  class=\"panel-grid-cell\" ><div id=\"panel-4192-1-0-0\" class=\"so-panel widget widget_google-map panel-first-child\" data-index=\"5\" ><div class=\"thim-widget-google-map thim-widget-google-map-base\"><div class=\"kcf-module\">\r\n \t<div\r\n\t\tclass=\"ob-google-map-canvas\"\r\n\t\tstyle=\"height:480px;\"\r\n\t\tid=\"ob-map-canvas-8c62124584adf2baf31ae9a3d5d7fe18\"\r\n\t\t\t\t\t\t\t\t\tdata-display_by=\"address\"\t\t\t\t\t\t\t\t\t\t\t\tdata-lat=\"41.868626\"\t\t\t\t\t\t\t\t\t\t\t\tdata-lng=\"-74.104301\"\t\t\t\t\t\t\t\t\t\t\t\tdata-address=\"1, rue de Falisolle, 5060 Auvelais\"\t\t\t\t\t\t\t\t\t\t\t\tdata-zoom=\"13\"\t\t\t\t\t\t\t\t\t\t\t\t\t\t\t\t\tdata-draggable=\"1\"\t\t\t\t\t\t\t\t\t\t\t\t\t\t\t\t\tdata-marker-at-center=\"1\"\t\t\t\t\t\t\t\t\t\t\t\tdata-marker-positions=\"&quot;&quot;\"\t\t\t\t\t\t\t\t\t\t\t\tdata-google-map-api=\"AIzaSyARtFR6zbpjGbGNqOSu-MknQYETXvS2cBU\"\t\t\t\t\t\t\t><\/div>\r\n<\/div><\/div><\/div><div id=\"panel-4192-1-0-1\" class=\"widget_text so-panel widget widget_custom_html panel-last-child\" data-index=\"6\" ><div class=\"textwidget custom-html-widget\"><script>\n    \/\/ Initialiser le Swiper\n    let span = document.querySelector('span[data-hover]');\n    span.firstChild.nodeValue = span.firstChild.nodeValue.replace('\">', '');\n<\/script>\n<style>\n\t.container {\n  width: 100vw;         \/* Largeur = 100% de la largeur de la fen\u00eatre *\/\n  max-width: 100vw;     \/* Emp\u00eache toute limite de largeur *\/\n  margin: 0 auto;       \/* Centre le contenu si n\u00e9cessaire *\/\n  padding: 0;           \/* Supprime les espacements internes (modifiable selon besoin) *\/\n  box-sizing: border-box;\n}\n\t.masthead {\n    background: rgba(221, 51, 51, 0); \/* Fond transparent *\/\n    max-width: 100vw;                \/* Ne d\u00e9passe pas la largeur de l'\u00e9cran *\/\n    margin: 0 auto;                  \/* Centre horizontalement *\/\n    overflow: hidden;               \/* \u00c9vite le d\u00e9bordement si des \u00e9l\u00e9ments d\u00e9passent *\/\n    box-sizing: border-box;         \/* Inclus padding\/border dans la largeur *\/\n    width: 100%;\n}\n.inner-navigation {\n    display: flex;\n    justify-content: center;        \/* Centre horizontalement *\/\n    align-items: center;            \/* Centre verticalement *\/\n    font-family: 'Cursive', sans-serif; \/* Police stylis\u00e9e *\/\n    font-weight: bold;\n    font-size: 18px;\n    width: 100%;                   \/* Prend toute la largeur de l'\u00e9cran *\/\n    height: 100px;                  \/* Hauteur du bloc, ajuste \u00e0 ton besoin *\/\n    box-sizing: border-box;\n    text-align: center;             \/* Centre le texte si applicable *\/\n    padding:0;\n}\n\n.inner-navigation * {\n    font-size: 18px;\n    font-weight: bold;\n    margin: 0 15px;                 \/* Espacement entre les \u00e9l\u00e9ments *\/\n    text-align: center;\n}\n<\/style><\/div><\/div><\/div><\/div><\/div><\/div>","protected":false},"excerpt":{"rendered":"<p>Contact usYou have a particular request? You didn&#8217;t found the answers you needed?We will help you with pleasure by phone <\/p>\n","protected":false},"author":1,"featured_media":0,"parent":0,"menu_order":0,"comment_status":"closed","ping_status":"closed","template":"","meta":{"footnotes":""},"class_list":["post-4192","page","type-page","status-publish","hentry"],"_links":{"self":[{"href":"https:\/\/afleurdecouette.be\/en\/wp-json\/wp\/v2\/pages\/4192","targetHints":{"allow":["GET"]}}],"collection":[{"href":"https:\/\/afleurdecouette.be\/en\/wp-json\/wp\/v2\/pages"}],"about":[{"href":"https:\/\/afleurdecouette.be\/en\/wp-json\/wp\/v2\/types\/page"}],"author":[{"embeddable":true,"href":"https:\/\/afleurdecouette.be\/en\/wp-json\/wp\/v2\/users\/1"}],"replies":[{"embeddable":true,"href":"https:\/\/afleurdecouette.be\/en\/wp-json\/wp\/v2\/comments?post=4192"}],"version-history":[{"count":3,"href":"https:\/\/afleurdecouette.be\/en\/wp-json\/wp\/v2\/pages\/4192\/revisions"}],"predecessor-version":[{"id":5284,"href":"https:\/\/afleurdecouette.be\/en\/wp-json\/wp\/v2\/pages\/4192\/revisions\/5284"}],"wp:attachment":[{"href":"https:\/\/afleurdecouette.be\/en\/wp-json\/wp\/v2\/media?parent=4192"}],"curies":[{"name":"wp","href":"https:\/\/api.w.org\/{rel}","templated":true}]}}